{"id":1824,"date":"2018-08-17T12:39:47","date_gmt":"2018-08-17T12:39:47","guid":{"rendered":"http:\/\/www.mgservis.sk\/?page_id=1824"},"modified":"2018-08-17T15:09:15","modified_gmt":"2018-08-17T15:09:15","slug":"dokumenty","status":"publish","type":"page","link":"https:\/\/www.mgservis.sk\/?page_id=1824","title":{"rendered":"Dokumenty"},"content":{"rendered":"<div class=\"fusion-fullwidth fullwidth-box fusion-builder-row-1 nonhundred-percent-fullwidth non-hundred-percent-height-scrolling\" style=\"--awb-border-radius-top-left:0px;--awb-border-radius-top-right:0px;--awb-border-radius-bottom-right:0px;--awb-border-radius-bottom-left:0px;--awb-flex-wrap:wrap;\" ><div class=\"fusion-builder-row fusion-row\"><div class=\"fusion-layout-column fusion_builder_column fusion-builder-column-0 fusion_builder_column_1_1 1_1 fusion-one-full fusion-column-first fusion-column-last\" style=\"--awb-bg-size:cover;\"><div class=\"fusion-column-wrapper fusion-flex-column-wrapper-legacy\"><div class=\"fusion-text fusion-text-1\"><p><a href=\"https:\/\/www.mgservis.sk\/wp-content\/uploads\/2018\/08\/Obchodne_podmienky.pdf\">Obchodn\u00e9 podmienky.pdf<\/a><\/p>\n<p><a href=\"https:\/\/www.mgservis.sk\/wp-content\/uploads\/2018\/08\/Podmienky_ochrany_osobnych_udajov.pdf\">Podmienky ochrany osobn\u00fdch \u00fadajov.pdf<\/a><\/p>\n<p><a href=\"https:\/\/www.mgservis.sk\/wp-content\/uploads\/2018\/08\/Poucenie_o_uplatneni_prava_spotrebitela_na_odstupenie_od_zmluvy.pdf\">Pou\u010denie o uplatnen\u00ed pr\u00e1va spotrebite\u013ea na odst\u00fapenie od zmluvy.pdf<\/a><\/p>\n<p><a href=\"https:\/\/www.mgservis.sk\/wp-content\/uploads\/2018\/08\/Formular_na_odstupenie_od_zmluvy.docx\">Formul\u00e1r na odst\u00fapenie od zmluvy.docx<\/a><\/p>\n<\/div><div class=\"fusion-clearfix\"><\/div><\/div><\/div><\/div><\/div>\n","protected":false},"excerpt":{"rendered":"","protected":false},"author":1,"featured_media":0,"parent":0,"menu_order":0,"comment_status":"closed","ping_status":"closed","template":"","meta":{"footnotes":""},"class_list":["post-1824","page","type-page","status-publish","hentry"],"_links":{"self":[{"href":"https:\/\/www.mgservis.sk\/index.php?rest_route=\/wp\/v2\/pages\/1824","targetHints":{"allow":["GET"]}}],"collection":[{"href":"https:\/\/www.mgservis.sk\/index.php?rest_route=\/wp\/v2\/pages"}],"about":[{"href":"https:\/\/www.mgservis.sk\/index.php?rest_route=\/wp\/v2\/types\/page"}],"author":[{"embeddable":true,"href":"https:\/\/www.mgservis.sk\/index.php?rest_route=\/wp\/v2\/users\/1"}],"replies":[{"embeddable":true,"href":"https:\/\/www.mgservis.sk\/index.php?rest_route=%2Fwp%2Fv2%2Fcomments&post=1824"}],"version-history":[{"count":4,"href":"https:\/\/www.mgservis.sk\/index.php?rest_route=\/wp\/v2\/pages\/1824\/revisions"}],"predecessor-version":[{"id":1837,"href":"https:\/\/www.mgservis.sk\/index.php?rest_route=\/wp\/v2\/pages\/1824\/revisions\/1837"}],"wp:attachment":[{"href":"https:\/\/www.mgservis.sk\/index.php?rest_route=%2Fwp%2Fv2%2Fmedia&parent=1824"}],"curies":[{"name":"wp","href":"https:\/\/api.w.org\/{rel}","templated":true}]}}