{"id":1623,"date":"2018-04-20T20:12:03","date_gmt":"2018-04-20T20:12:03","guid":{"rendered":"http:\/\/www.mgservis.sk?page_id=1623"},"modified":"2020-03-23T20:55:53","modified_gmt":"2020-03-23T20:55:53","slug":"montaz","status":"publish","type":"page","link":"https:\/\/www.mgservis.sk\/?page_id=1623","title":{"rendered":"Mont\u00e1\u017e"},"content":{"rendered":"<div class=\"fusion-fullwidth fullwidth-box fusion-builder-row-1 nonhundred-percent-fullwidth non-hundred-percent-height-scrolling\" style=\"--awb-border-radius-top-left:0px;--awb-border-radius-top-right:0px;--awb-border-radius-bottom-right:0px;--awb-border-radius-bottom-left:0px;--awb-flex-wrap:wrap;\" ><div class=\"fusion-builder-row fusion-row\"><div class=\"fusion-layout-column fusion_builder_column fusion-builder-column-0 fusion_builder_column_1_1 1_1 fusion-one-full fusion-column-first fusion-column-last\" style=\"--awb-bg-size:cover;\"><div class=\"fusion-column-wrapper fusion-flex-column-wrapper-legacy\"><div class=\"fusion-text fusion-text-1\"><p>Pon\u00fakame mont\u00e1\u017e elektronick\u00e9ho zariadenia na vopred dohodnutom mieste in\u0161tal\u00e1cie. Poskytujeme poradenstvo s\u00favisiace s v\u00fdberom vhodn\u00e9ho zariadenia.<\/p>\n<p><strong>Naj\u010dastej\u0161ie montovan\u00e9 zariadenia:<\/strong><\/p>\n<ul>\n<li>Auto alarmy<\/li>\n<li>Bluetooth handsfree sady do auta<\/li>\n<li>Parkovacie asistenty pre osobn\u00e9 automobily<\/li>\n<li>C\u00favacie senzory a\u00a0bezpe\u010dnostn\u00e9 kamery pre osobn\u00e9 automobily<\/li>\n<li>Dovybavenie pre automobily zna\u010dky: \u0160koda, Seat, Audi, VW (Tempomaty, Side assist, Line assist, Front assist, \u0165a\u017en\u00e9 zariadenia a in\u00e9)<\/li>\n<li>Audio \/ video vr\u00e1tniky<\/li>\n<li>Domov\u00fd a\u00a0firemn\u00fd alarm (Jablotron, Paradox, OASiS)<\/li>\n<li>Elektrick\u00e1 in\u0161tal\u00e1cia PC siet\u00ed<\/li>\n<li>in\u00e9<\/li>\n<\/ul>\n<\/div><div class=\"fusion-clearfix\"><\/div><\/div><\/div><\/div><\/div>\n","protected":false},"excerpt":{"rendered":"","protected":false},"author":1,"featured_media":0,"parent":0,"menu_order":0,"comment_status":"closed","ping_status":"closed","template":"","meta":{"footnotes":""},"class_list":["post-1623","page","type-page","status-publish","hentry"],"_links":{"self":[{"href":"https:\/\/www.mgservis.sk\/index.php?rest_route=\/wp\/v2\/pages\/1623","targetHints":{"allow":["GET"]}}],"collection":[{"href":"https:\/\/www.mgservis.sk\/index.php?rest_route=\/wp\/v2\/pages"}],"about":[{"href":"https:\/\/www.mgservis.sk\/index.php?rest_route=\/wp\/v2\/types\/page"}],"author":[{"embeddable":true,"href":"https:\/\/www.mgservis.sk\/index.php?rest_route=\/wp\/v2\/users\/1"}],"replies":[{"embeddable":true,"href":"https:\/\/www.mgservis.sk\/index.php?rest_route=%2Fwp%2Fv2%2Fcomments&post=1623"}],"version-history":[{"count":3,"href":"https:\/\/www.mgservis.sk\/index.php?rest_route=\/wp\/v2\/pages\/1623\/revisions"}],"predecessor-version":[{"id":1888,"href":"https:\/\/www.mgservis.sk\/index.php?rest_route=\/wp\/v2\/pages\/1623\/revisions\/1888"}],"wp:attachment":[{"href":"https:\/\/www.mgservis.sk\/index.php?rest_route=%2Fwp%2Fv2%2Fmedia&parent=1623"}],"curies":[{"name":"wp","href":"https:\/\/api.w.org\/{rel}","templated":true}]}}