{"id":1616,"date":"2018-04-20T19:57:58","date_gmt":"2018-04-20T19:57:58","guid":{"rendered":"http:\/\/www.mgservis.sk?page_id=1616"},"modified":"2020-03-23T22:10:03","modified_gmt":"2020-03-23T22:10:03","slug":"vyvoj-a-vyroba","status":"publish","type":"page","link":"https:\/\/www.mgservis.sk\/?page_id=1616","title":{"rendered":"V\u00fdvoj a v\u00fdroba"},"content":{"rendered":"<div class=\"fusion-fullwidth fullwidth-box fusion-builder-row-1 nonhundred-percent-fullwidth non-hundred-percent-height-scrolling\" style=\"--awb-border-radius-top-left:0px;--awb-border-radius-top-right:0px;--awb-border-radius-bottom-right:0px;--awb-border-radius-bottom-left:0px;--awb-flex-wrap:wrap;\" ><div class=\"fusion-builder-row fusion-row\"><div class=\"fusion-layout-column fusion_builder_column fusion-builder-column-0 fusion_builder_column_1_1 1_1 fusion-one-full fusion-column-first fusion-column-last\" style=\"--awb-bg-size:cover;\"><div class=\"fusion-column-wrapper fusion-flex-column-wrapper-legacy\"><div class=\"fusion-text fusion-text-1\"><p style=\"text-align: justify;\">Na\u0161a firma disponuje v\u00fdvojov\u00fdm centrom, ktor\u00e9 umo\u017e\u0148uje na\u0161im dom\u00e1cim aj zahrani\u010dn\u00fdm klientom navrhn\u00fa\u0165 a\u00a0zhotovi\u0165 zariadenie pod\u013ea ich po\u017eiadaviek. M\u00e1me sk\u00fasenosti s\u00a0navrhovan\u00edm a\u00a0v\u00fdrobou prototypov\u00fdch zariaden\u00ed ako aj s\u00e9riovo pred\u00e1van\u00fdch produktov. Ka\u017ed\u00fa v\u00fdrobu zariadenia zabezpe\u010dujeme od n\u00e1kupu komponentov cez v\u00fdrobu\u00a0 a\u00a0osadenie plo\u0161n\u00fdch spojov a\u017e po odosielanie produktu.<\/p>\n<p>Najv\u00fdznamnej\u0161ie vyvinut\u00e9 projekty (od roku 2010):<\/p>\n<ul>\n<li>Prototyp riadiacej jednotky pre ovl\u00e1danie predn\u00fdch svetlometov LandRover<\/li>\n<li>Riadiaca jednotka pre pohyb auta za \u00fa\u010delom imit\u00e1cie kmitania karos\u00e9rie vozidla<\/li>\n<li>Riadiaca jednotka a\u00a0kon\u0161trukcia pre n\u00e1u\u010dn\u00fd model lietaj\u00faceho drona.<\/li>\n<li>Riadiaca jednotka a\u00a0kon\u0161trukcia pre ovl\u00e1danie line\u00e1rneho vedenia za \u00fa\u010delom reklamnej propag\u00e1cie<\/li>\n<li>Prototyp monitorovacieho auton\u00f3mneho robotick\u00e9ho zariadenia<\/li>\n<li>Prototyp riadiacej jednotky pre \u00fapravu spotreby v\u00fdkonn\u00fdch benz\u00ednov\u00fdch motorov<\/li>\n<li>Prototyp riadiacej jednotky umo\u017e\u0148uj\u00facej ovl\u00e1da\u0165 osobn\u00fd automobil pomocou Smartf\u00f3nu<\/li>\n<li>Prototyp riadiacej jednotky a\u00a0kon\u0161trukcie automatick\u00e9ho ovl\u00e1dania spojky v\u00a0osobnom automobile<\/li>\n<li>N\u00e1vrh a s\u00e9riov\u00e1 v\u00fdroba riadiacej elektroniky pre hern\u00e9ho drona<\/li>\n<li>N\u00e1vrh a s\u00e9riov\u00e1 v\u00fdroba riadiacej elektroniky pre hern\u00fa platformu Base<\/li>\n<li>N\u00e1vrh a\u00a0realiz\u00e1cia vysokonap\u00e4\u0165ov\u00e9ho nap\u00e1jania pracovn\u00e9ho drona<\/li>\n<li>Prototyp trekovacieho zariadenia<\/li>\n<li>in\u00e9<\/li>\n<\/ul>\n<\/div><div class=\"fusion-clearfix\"><\/div><\/div><\/div><\/div><\/div>\n","protected":false},"excerpt":{"rendered":"","protected":false},"author":1,"featured_media":0,"parent":0,"menu_order":0,"comment_status":"closed","ping_status":"closed","template":"","meta":{"footnotes":""},"class_list":["post-1616","page","type-page","status-publish","hentry"],"_links":{"self":[{"href":"https:\/\/www.mgservis.sk\/index.php?rest_route=\/wp\/v2\/pages\/1616","targetHints":{"allow":["GET"]}}],"collection":[{"href":"https:\/\/www.mgservis.sk\/index.php?rest_route=\/wp\/v2\/pages"}],"about":[{"href":"https:\/\/www.mgservis.sk\/index.php?rest_route=\/wp\/v2\/types\/page"}],"author":[{"embeddable":true,"href":"https:\/\/www.mgservis.sk\/index.php?rest_route=\/wp\/v2\/users\/1"}],"replies":[{"embeddable":true,"href":"https:\/\/www.mgservis.sk\/index.php?rest_route=%2Fwp%2Fv2%2Fcomments&post=1616"}],"version-history":[{"count":7,"href":"https:\/\/www.mgservis.sk\/index.php?rest_route=\/wp\/v2\/pages\/1616\/revisions"}],"predecessor-version":[{"id":1896,"href":"https:\/\/www.mgservis.sk\/index.php?rest_route=\/wp\/v2\/pages\/1616\/revisions\/1896"}],"wp:attachment":[{"href":"https:\/\/www.mgservis.sk\/index.php?rest_route=%2Fwp%2Fv2%2Fmedia&parent=1616"}],"curies":[{"name":"wp","href":"https:\/\/api.w.org\/{rel}","templated":true}]}}