{"id":1609,"date":"2018-04-20T19:39:52","date_gmt":"2018-04-20T19:39:52","guid":{"rendered":"http:\/\/www.mgservis.sk?page_id=1609"},"modified":"2026-01-16T14:41:59","modified_gmt":"2026-01-16T14:41:59","slug":"oprava","status":"publish","type":"page","link":"https:\/\/www.mgservis.sk\/?page_id=1609","title":{"rendered":"Oprava"},"content":{"rendered":"<div class=\"fusion-fullwidth fullwidth-box fusion-builder-row-1 nonhundred-percent-fullwidth non-hundred-percent-height-scrolling\" style=\"--awb-border-radius-top-left:0px;--awb-border-radius-top-right:0px;--awb-border-radius-bottom-right:0px;--awb-border-radius-bottom-left:0px;--awb-flex-wrap:wrap;\" ><div class=\"fusion-builder-row fusion-row\"><div class=\"fusion-layout-column fusion_builder_column fusion-builder-column-0 fusion_builder_column_1_1 1_1 fusion-one-full fusion-column-first fusion-column-last\" style=\"--awb-bg-blend:overlay;--awb-bg-size:cover;\"><div class=\"fusion-column-wrapper fusion-flex-column-wrapper-legacy\"><div class=\"fusion-text fusion-text-1\"><p style=\"text-align: justify;\">Zaober\u00e1me sa opravou t\u00fdchto zariaden\u00ed:<\/p>\n<ul>\n<li>Telev\u00edzory Samsung, LG, Sony, Philips a in\u00e9<\/li>\n<li>K\u00e1vovary: DeLonghi, Saeco, Jura, Bosch, Nivona, a in\u00e9<\/li>\n<li>Priemyseln\u00e9 LCD monitory<\/li>\n<li>V\u00fdpo\u010dtov\u00e1 technika: PC, notebooky, mobiln\u00e9 telef\u00f3ny, Hern\u00e9 konzoly<\/li>\n<li>Prehr\u00e1va\u010de: (Mp3, DVD a Blu-ray prehr\u00e1va\u010de, Multimedi\u00e1lne centr\u00e1, r\u00e1di\u00e1, CD prehr\u00e1va\u010de, gramor\u00e1di\u00e1, gramof\u00f3ny, kazetov\u00e9 aj kot\u00fa\u010dov\u00e9 magnetof\u00f3ny): SONY, Panasonic, Samsung, LG, Technics, Orava a in\u00e9<\/li>\n<li>Reproduktory, DJ svetl\u00e1<\/li>\n<li>Elektronika v automobiloch: (Riadiace jednotky, Mechatronick\u00e9 komponenty, Elektroin\u0161tal\u00e1cia, Diagnostika, Programovanie): \u0160koda, VW, BMW, Audi, Fiat a in\u00e9<\/li>\n<li>Varn\u00e9 dosky, r\u00fary na pe\u010denie, robotick\u00e9 vys\u00e1va\u010de, baterkov\u00e9 vys\u00e1va\u010de,<\/li>\n<li>Riadiace jednotky: k\u00farenie, \u010derpadl\u00e1, klimatiz\u00e1cie, plynov\u00e9 kotle, in\u00e9 priemyseln\u00e9 zariadenia<\/li>\n<\/ul>\n<p><strong>Zariadenie na opravu pros\u00edme prinies\u0165 k n\u00e1m na pobo\u010dku Wolkrova 2.<\/strong><\/p>\n<\/div><div class=\"fusion-clearfix\"><\/div><\/div><\/div><\/div><\/div>\n","protected":false},"excerpt":{"rendered":"","protected":false},"author":1,"featured_media":0,"parent":0,"menu_order":0,"comment_status":"closed","ping_status":"closed","template":"","meta":{"footnotes":""},"class_list":["post-1609","page","type-page","status-publish","hentry"],"_links":{"self":[{"href":"https:\/\/www.mgservis.sk\/index.php?rest_route=\/wp\/v2\/pages\/1609","targetHints":{"allow":["GET"]}}],"collection":[{"href":"https:\/\/www.mgservis.sk\/index.php?rest_route=\/wp\/v2\/pages"}],"about":[{"href":"https:\/\/www.mgservis.sk\/index.php?rest_route=\/wp\/v2\/types\/page"}],"author":[{"embeddable":true,"href":"https:\/\/www.mgservis.sk\/index.php?rest_route=\/wp\/v2\/users\/1"}],"replies":[{"embeddable":true,"href":"https:\/\/www.mgservis.sk\/index.php?rest_route=%2Fwp%2Fv2%2Fcomments&post=1609"}],"version-history":[{"count":19,"href":"https:\/\/www.mgservis.sk\/index.php?rest_route=\/wp\/v2\/pages\/1609\/revisions"}],"predecessor-version":[{"id":2442,"href":"https:\/\/www.mgservis.sk\/index.php?rest_route=\/wp\/v2\/pages\/1609\/revisions\/2442"}],"wp:attachment":[{"href":"https:\/\/www.mgservis.sk\/index.php?rest_route=%2Fwp%2Fv2%2Fmedia&parent=1609"}],"curies":[{"name":"wp","href":"https:\/\/api.w.org\/{rel}","templated":true}]}}